{"id":777,"date":"2022-02-02T11:47:45","date_gmt":"2022-02-02T10:47:45","guid":{"rendered":"https:\/\/pomorskiehospicjum.pl\/?page_id=777"},"modified":"2022-02-02T12:10:52","modified_gmt":"2022-02-02T11:10:52","slug":"projekt","status":"publish","type":"page","link":"https:\/\/pomorskiehospicjum.pl\/?page_id=777","title":{"rendered":"Projekt"},"content":{"rendered":"\t\t<div data-elementor-type=\"wp-page\" data-elementor-id=\"777\" class=\"elementor elementor-777\">\n\t\t\t\t\t\t\t\t\t<section class=\"elementor-section elementor-top-section elementor-element elementor-element-3be94081 elementor-section-boxed elementor-section-height-default elementor-section-height-default\" data-id=\"3be94081\" data-element_type=\"section\">\n\t\t\t\t\t\t<div class=\"elementor-container elementor-column-gap-default\">\n\t\t\t\t\t<div class=\"elementor-column elementor-col-100 elementor-top-column elementor-element elementor-element-65303138\" data-id=\"65303138\" data-element_type=\"column\">\n\t\t\t<div class=\"elementor-widget-wrap elementor-element-populated\">\n\t\t\t\t\t\t\t\t<div class=\"elementor-element elementor-element-d25314b elementor-widget elementor-widget-text-editor\" data-id=\"d25314b\" data-element_type=\"widget\" data-widget_type=\"text-editor.default\">\n\t\t\t\t<div class=\"elementor-widget-container\">\n\t\t\t<style>\/*! elementor - v3.6.6 - 08-06-2022 *\/\n.elementor-widget-text-editor.elementor-drop-cap-view-stacked .elementor-drop-cap{background-color:#818a91;color:#fff}.elementor-widget-text-editor.elementor-drop-cap-view-framed .elementor-drop-cap{color:#818a91;border:3px solid;background-color:transparent}.elementor-widget-text-editor:not(.elementor-drop-cap-view-default) .elementor-drop-cap{margin-top:8px}.elementor-widget-text-editor:not(.elementor-drop-cap-view-default) .elementor-drop-cap-letter{width:1em;height:1em}.elementor-widget-text-editor .elementor-drop-cap{float:left;text-align:center;line-height:1;font-size:50px}.elementor-widget-text-editor .elementor-drop-cap-letter{display:inline-block}<\/style>\t\t\t\t<!-- wp:heading {\"level\":4} -->\n<h4 id=\"pomorskie-dzieciom\">Pomorskie dzieciom<\/h4>\n<!-- \/wp:heading -->\t\t\t\t\t\t<\/div>\n\t\t\t\t<\/div>\n\t\t\t\t\t<\/div>\n\t\t<\/div>\n\t\t\t\t\t\t\t<\/div>\n\t\t<\/section>\n\t\t\t\t<section class=\"elementor-section elementor-top-section elementor-element elementor-element-aeafb46 elementor-section-boxed elementor-section-height-default elementor-section-height-default\" data-id=\"aeafb46\" data-element_type=\"section\">\n\t\t\t\t\t\t<div class=\"elementor-container elementor-column-gap-default\">\n\t\t\t\t\t<div class=\"elementor-column elementor-col-100 elementor-top-column elementor-element elementor-element-70ae9c6\" data-id=\"70ae9c6\" data-element_type=\"column\">\n\t\t\t<div class=\"elementor-widget-wrap elementor-element-populated\">\n\t\t\t\t\t\t\t\t<div class=\"elementor-element elementor-element-63921d9 elementor-widget elementor-widget-heading\" data-id=\"63921d9\" data-element_type=\"widget\" data-widget_type=\"heading.default\">\n\t\t\t\t<div class=\"elementor-widget-container\">\n\t\t\t<style>\/*! elementor - v3.6.6 - 08-06-2022 *\/\n.elementor-heading-title{padding:0;margin:0;line-height:1}.elementor-widget-heading .elementor-heading-title[class*=elementor-size-]>a{color:inherit;font-size:inherit;line-height:inherit}.elementor-widget-heading .elementor-heading-title.elementor-size-small{font-size:15px}.elementor-widget-heading .elementor-heading-title.elementor-size-medium{font-size:19px}.elementor-widget-heading .elementor-heading-title.elementor-size-large{font-size:29px}.elementor-widget-heading .elementor-heading-title.elementor-size-xl{font-size:39px}.elementor-widget-heading .elementor-heading-title.elementor-size-xxl{font-size:59px}<\/style><h2 class=\"elementor-heading-title elementor-size-default\">Projekt\nPomorskie dzieciom<\/h2>\t\t<\/div>\n\t\t\t\t<\/div>\n\t\t\t\t\t<\/div>\n\t\t<\/div>\n\t\t\t\t\t\t\t<\/div>\n\t\t<\/section>\n\t\t\t\t<section class=\"elementor-section elementor-top-section elementor-element elementor-element-4c4176e elementor-section-boxed elementor-section-height-default elementor-section-height-default\" data-id=\"4c4176e\" data-element_type=\"section\">\n\t\t\t\t\t\t<div class=\"elementor-container elementor-column-gap-default\">\n\t\t\t\t\t<div class=\"elementor-column elementor-col-50 elementor-top-column elementor-element elementor-element-f982013\" data-id=\"f982013\" data-element_type=\"column\">\n\t\t\t<div class=\"elementor-widget-wrap elementor-element-populated\">\n\t\t\t\t\t\t\t\t<div class=\"elementor-element elementor-element-78368b9 elementor-widget elementor-widget-text-editor\" data-id=\"78368b9\" data-element_type=\"widget\" data-widget_type=\"text-editor.default\">\n\t\t\t\t<div class=\"elementor-widget-container\">\n\t\t\t\t\t\t\t<p>Fundacja Pomorskie Hospicjum dla Dzieci jest beneficjentem projektu \u201ePOMORSKIE DZIECIOM\u201d, kt\u00f3rego celem\u00a0jest wsparcie w walce z epidemi\u0105 COVID-19 os\u00f3b zagro\u017conych ub\u00f3stwem lub wykluczeniem spo\u0142ecznym.<\/p>\n<p>Efektem projektu b\u0119dzie obj\u0119cie wsparciem 2515 dzieci przebywaj\u0105cych w rodzinach zast\u0119pczych i rodzinnych domach dziecka, w instytucjonalnej pieczy zast\u0119pczej oraz obj\u0119tych opiek\u0105 hospicj\u00f3w domowych, poprzez zapewnienie im wsparcia psychologicznego, rehabilitacyjnego, wolontarystycznego i specjalistycznych us\u0142ug opieku\u0144czych w miejscu zamieszkania, jak r\u00f3wnie\u017c wsparcie 639 pracownik\u00f3w plac\u00f3wek instytucjonalnej pieczy zast\u0119pczej oraz pracownik\u00f3w hospicj\u00f3w domowych dla dzieci poprzez wzmocnienie kompetencji opieku\u0144czo-wychowawczych i motywacji do zwi\u0119kszonego zaanga\u017cowania w sytuacji zagro\u017cenia epidemicznego. <br \/>Nasza fundacja w ramach pozyskanych \u015brodk\u00f3w, zapewni podopiecznym Pomorskiego Hospicjum dla Dzieci rehabilitacje w warunkach domowych z wykorzystaniem specjalistycznego sprz\u0119tu, zakupionego ze \u015brodk\u00f3w pozyskanych z projektu.<br \/>\u00a0Projekt realizowany jest w okresie od 1 stycznia\u00a0 2021 r. do 30\u00a0czerwca\u00a02023 r. Warto\u015b\u0107 projektu wynosi: 20\u00a0000 000 z\u0142, w tym wk\u0142ad Europejskiego Funduszu Spo\u0142ecznego: 18\u00a0000 000 z\u0142.<br \/>Projekt \u201ePomorskie Dzieciom&#8221; realizowany jest przez Wojew\u00f3dztwo Pomorskie w ramach Regionalnego Programu Operacyjnego Wojew\u00f3dztwa Pomorskiego na lata 2014-2020, Poddzia\u0142anie 6.2.2 Rozw\u00f3j us\u0142ug spo\u0142ecznych.<\/p>\n<p>\u00a0<\/p>\t\t\t\t\t\t<\/div>\n\t\t\t\t<\/div>\n\t\t\t\t\t<\/div>\n\t\t<\/div>\n\t\t\t\t<div class=\"elementor-column elementor-col-50 elementor-top-column elementor-element elementor-element-2afc84a\" data-id=\"2afc84a\" data-element_type=\"column\">\n\t\t\t<div class=\"elementor-widget-wrap elementor-element-populated\">\n\t\t\t\t\t\t\t\t<div class=\"elementor-element elementor-element-9b71478 elementor-widget elementor-widget-image\" data-id=\"9b71478\" data-element_type=\"widget\" data-widget_type=\"image.default\">\n\t\t\t\t<div class=\"elementor-widget-container\">\n\t\t\t<style>\/*! elementor - v3.6.6 - 08-06-2022 *\/\n.elementor-widget-image{text-align:center}.elementor-widget-image a{display:inline-block}.elementor-widget-image a img[src$=\".svg\"]{width:48px}.elementor-widget-image img{vertical-align:middle;display:inline-block}<\/style>\t\t\t\t\t\t\t\t\t\t\t\t<img decoding=\"async\" loading=\"lazy\" width=\"1000\" height=\"707\" src=\"https:\/\/pomorskiehospicjum.pl\/wp-content\/uploads\/2022\/02\/plakat2.jpg\" class=\"attachment-large size-large no-lazy\" alt=\"\" srcset=\"https:\/\/pomorskiehospicjum.pl\/wp-content\/uploads\/2022\/02\/plakat2.jpg 1000w, https:\/\/pomorskiehospicjum.pl\/wp-content\/uploads\/2022\/02\/plakat2-300x212.jpg 300w, https:\/\/pomorskiehospicjum.pl\/wp-content\/uploads\/2022\/02\/plakat2-768x543.jpg 768w, https:\/\/pomorskiehospicjum.pl\/wp-content\/uploads\/2022\/02\/plakat2-495x350.jpg 495w\" sizes=\"(max-width: 1000px) 100vw, 1000px\" \/>\t\t\t\t\t\t\t\t\t\t\t\t\t\t\t<\/div>\n\t\t\t\t<\/div>\n\t\t\t\t\t<\/div>\n\t\t<\/div>\n\t\t\t\t\t\t\t<\/div>\n\t\t<\/section>\n\t\t\t\t<section class=\"elementor-section elementor-top-section elementor-element elementor-element-5bea8c8 elementor-section-boxed elementor-section-height-default elementor-section-height-default\" data-id=\"5bea8c8\" data-element_type=\"section\">\n\t\t\t\t\t\t<div class=\"elementor-container elementor-column-gap-default\">\n\t\t\t\t\t<div class=\"elementor-column elementor-col-100 elementor-top-column elementor-element elementor-element-a9e6587\" data-id=\"a9e6587\" data-element_type=\"column\">\n\t\t\t<div class=\"elementor-widget-wrap elementor-element-populated\">\n\t\t\t\t\t\t\t\t<div class=\"elementor-element elementor-element-906787a elementor-widget elementor-widget-theme-site-logo elementor-widget-image\" data-id=\"906787a\" data-element_type=\"widget\" data-widget_type=\"theme-site-logo.default\">\n\t\t\t\t<div class=\"elementor-widget-container\">\n\t\t\t\t\t\t\t\t\t\t\t\t\t\t\t\t<a href=\"https:\/\/pomorskiehospicjum.pl\">\n\t\t\t\t\t\t\t<img decoding=\"async\" loading=\"lazy\" width=\"350\" height=\"100\" src=\"https:\/\/pomorskiehospicjum.pl\/wp-content\/uploads\/2021\/11\/logo350.jpg\" class=\"attachment-full size-full no-lazy\" alt=\"\" srcset=\"https:\/\/pomorskiehospicjum.pl\/wp-content\/uploads\/2021\/11\/logo350.jpg 350w, https:\/\/pomorskiehospicjum.pl\/wp-content\/uploads\/2021\/11\/logo350-300x86.jpg 300w\" sizes=\"(max-width: 350px) 100vw, 350px\" \/>\t\t\t\t\t\t\t\t<\/a>\n\t\t\t\t\t\t\t\t\t\t\t\t\t\t\t<\/div>\n\t\t\t\t<\/div>\n\t\t\t\t\t<\/div>\n\t\t<\/div>\n\t\t\t\t\t\t\t<\/div>\n\t\t<\/section>\n\t\t\t\t\t\t\t<\/div>\n\t\t","protected":false},"excerpt":{"rendered":"<p>Pomorskie dzieciom Projekt Pomorskie dzieciom Fundacja Pomorskie Hospicjum dla Dzieci jest beneficjentem projektu \u201ePOMORSKIE DZIECIOM\u201d, kt\u00f3rego celem\u00a0jest wsparcie w walce z epidemi\u0105 COVID-19 os\u00f3b zagro\u017conych ub\u00f3stwem lub wykluczeniem spo\u0142ecznym. Efektem projektu b\u0119dzie obj\u0119cie wsparciem 2515 dzieci przebywaj\u0105cych w rodzinach zast\u0119pczych i rodzinnych domach dziecka, w instytucjonalnej pieczy zast\u0119pczej oraz obj\u0119tych opiek\u0105 hospicj\u00f3w domowych, poprzez zapewnienie [&hellip;]<\/p>\n","protected":false},"author":1,"featured_media":0,"parent":0,"menu_order":0,"comment_status":"closed","ping_status":"closed","template":"","meta":{"_ti_tpc_template_sync":false,"_ti_tpc_template_id":"","footnotes":""},"_links":{"self":[{"href":"https:\/\/pomorskiehospicjum.pl\/index.php?rest_route=\/wp\/v2\/pages\/777"}],"collection":[{"href":"https:\/\/pomorskiehospicjum.pl\/index.php?rest_route=\/wp\/v2\/pages"}],"about":[{"href":"https:\/\/pomorskiehospicjum.pl\/index.php?rest_route=\/wp\/v2\/types\/page"}],"author":[{"embeddable":true,"href":"https:\/\/pomorskiehospicjum.pl\/index.php?rest_route=\/wp\/v2\/users\/1"}],"replies":[{"embeddable":true,"href":"https:\/\/pomorskiehospicjum.pl\/index.php?rest_route=%2Fwp%2Fv2%2Fcomments&post=777"}],"version-history":[{"count":9,"href":"https:\/\/pomorskiehospicjum.pl\/index.php?rest_route=\/wp\/v2\/pages\/777\/revisions"}],"predecessor-version":[{"id":807,"href":"https:\/\/pomorskiehospicjum.pl\/index.php?rest_route=\/wp\/v2\/pages\/777\/revisions\/807"}],"wp:attachment":[{"href":"https:\/\/pomorskiehospicjum.pl\/index.php?rest_route=%2Fwp%2Fv2%2Fmedia&parent=777"}],"curies":[{"name":"wp","href":"https:\/\/api.w.org\/{rel}","templated":true}]}}