{"id":745,"date":"2022-02-02T09:38:49","date_gmt":"2022-02-02T08:38:49","guid":{"rendered":"https:\/\/pomorskiehospicjum.pl\/?page_id=745"},"modified":"2022-05-21T16:38:38","modified_gmt":"2022-05-21T14:38:38","slug":"wydarzenia","status":"publish","type":"page","link":"https:\/\/pomorskiehospicjum.pl\/?page_id=745","title":{"rendered":"Wydarzenia"},"content":{"rendered":"\t\t<div data-elementor-type=\"wp-page\" data-elementor-id=\"745\" class=\"elementor elementor-745\">\n\t\t\t\t\t\t\t\t\t<section class=\"elementor-section elementor-top-section elementor-element elementor-element-f9818f1 elementor-section-boxed elementor-section-height-default elementor-section-height-default\" data-id=\"f9818f1\" data-element_type=\"section\">\n\t\t\t\t\t\t<div class=\"elementor-container elementor-column-gap-default\">\n\t\t\t\t\t<div class=\"elementor-column elementor-col-100 elementor-top-column elementor-element elementor-element-4217f5e\" data-id=\"4217f5e\" data-element_type=\"column\">\n\t\t\t<div class=\"elementor-widget-wrap elementor-element-populated\">\n\t\t\t\t\t\t\t\t<section class=\"elementor-section elementor-inner-section elementor-element elementor-element-0dfcc74 elementor-section-boxed elementor-section-height-default elementor-section-height-default\" data-id=\"0dfcc74\" data-element_type=\"section\">\n\t\t\t\t\t\t<div class=\"elementor-container elementor-column-gap-default\">\n\t\t\t\t\t<div class=\"elementor-column elementor-col-50 elementor-inner-column elementor-element elementor-element-d83ba60\" data-id=\"d83ba60\" data-element_type=\"column\">\n\t\t\t<div class=\"elementor-widget-wrap elementor-element-populated\">\n\t\t\t\t\t\t\t\t<div class=\"elementor-element elementor-element-e1dc061 elementor-widget elementor-widget-text-editor\" data-id=\"e1dc061\" data-element_type=\"widget\" data-widget_type=\"text-editor.default\">\n\t\t\t\t<div class=\"elementor-widget-container\">\n\t\t\t<style>\/*! elementor - v3.6.6 - 08-06-2022 *\/\n.elementor-widget-text-editor.elementor-drop-cap-view-stacked .elementor-drop-cap{background-color:#818a91;color:#fff}.elementor-widget-text-editor.elementor-drop-cap-view-framed .elementor-drop-cap{color:#818a91;border:3px solid;background-color:transparent}.elementor-widget-text-editor:not(.elementor-drop-cap-view-default) .elementor-drop-cap{margin-top:8px}.elementor-widget-text-editor:not(.elementor-drop-cap-view-default) .elementor-drop-cap-letter{width:1em;height:1em}.elementor-widget-text-editor .elementor-drop-cap{float:left;text-align:center;line-height:1;font-size:50px}.elementor-widget-text-editor .elementor-drop-cap-letter{display:inline-block}<\/style>\t\t\t\t<div dir=\"auto\"><a class=\"oajrlxb2 g5ia77u1 qu0x051f esr5mh6w e9989ue4 r7d6kgcz rq0escxv nhd2j8a9 nc684nl6 p7hjln8o kvgmc6g5 cxmmr5t8 oygrvhab hcukyx3x jb3vyjys rz4wbd8a qt6c0cv9 a8nywdso i1ao9s8h esuyzwwr f1sip0of lzcic4wl gpro0wi8 q66pz984 b1v8xokw\" tabindex=\"0\" role=\"link\" href=\"https:\/\/www.facebook.com\/MlodziezowaRadaMiastaGdanska\/?__cft__[0]=AZW3tx9YvcbvfmU3FDXahrVSVf7NNqRUQLOdtD53lJp-Bgx0v3f0SokSh7KSMMRphiBFOc9zCXNZwMuUUe8DVJJJ7uMzHen4e1J3mH-FyiMpcIPQ4VorLZMgKK6wwry34WTBPk3DipEBP_C9g8AwF0e9&amp;__tn__=kK-R\"><span class=\"nc684nl6\">M\u0142odzie\u017cowa Rada Miasta Gda\u0144ska<\/span><\/a> i <a class=\"oajrlxb2 g5ia77u1 qu0x051f esr5mh6w e9989ue4 r7d6kgcz rq0escxv nhd2j8a9 nc684nl6 p7hjln8o kvgmc6g5 cxmmr5t8 oygrvhab hcukyx3x jb3vyjys rz4wbd8a qt6c0cv9 a8nywdso i1ao9s8h esuyzwwr f1sip0of lzcic4wl gpro0wi8 q66pz984 b1v8xokw\" tabindex=\"0\" role=\"link\" href=\"https:\/\/www.facebook.com\/MlodziezowaRadaMiastaSopotu\/?__cft__[0]=AZW3tx9YvcbvfmU3FDXahrVSVf7NNqRUQLOdtD53lJp-Bgx0v3f0SokSh7KSMMRphiBFOc9zCXNZwMuUUe8DVJJJ7uMzHen4e1J3mH-FyiMpcIPQ4VorLZMgKK6wwry34WTBPk3DipEBP_C9g8AwF0e9&amp;__tn__=kK-R\"><span class=\"nc684nl6\">M\u0142odzie\u017cowa Rada Miasta Sopotu<\/span><\/a> serdecznie zaprasza na charytatywny koncert \u201eU\u015bmiech za U\u015bmiech\u201d. Odb\u0119dzie si\u0119 4 czerwca 2022 o godzinie 16:00, w muszli koncertowej na Monte Cassiono.<\/div><div dir=\"auto\">Muzyka, dobra energia i pomoc to w\u0142a\u015bnie trzy rzeczy ,kt\u00f3rymi si\u0119 kierujemy, chcesz do\u0142\u0105czy\u0107? Serdecznie zapraszamy z rodzinami, przyjaci\u00f3\u0142mi i znajomymi. Nasza scena jest otwarta dla wszystkich<span class=\"pq6dq46d tbxw36s4 knj5qynh kvgmc6g5 ditlmg2l oygrvhab nvdbi5me sf5mxxl7 gl3lb2sf hhz5lgdu\"><img decoding=\"async\" loading=\"lazy\" src=\"https:\/\/static.xx.fbcdn.net\/images\/emoji.php\/v9\/tb7\/1\/16\/1f917.png\" alt=\"\ud83e\udd17\" width=\"16\" height=\"16\" \/><\/span>. Do zobaczenia!!!<\/div>\t\t\t\t\t\t<\/div>\n\t\t\t\t<\/div>\n\t\t\t\t\t<\/div>\n\t\t<\/div>\n\t\t\t\t<div class=\"elementor-column elementor-col-50 elementor-inner-column elementor-element elementor-element-cc5820f\" data-id=\"cc5820f\" data-element_type=\"column\">\n\t\t\t<div class=\"elementor-widget-wrap elementor-element-populated\">\n\t\t\t\t\t\t\t\t<div class=\"elementor-element elementor-element-b36d2e2 elementor-widget elementor-widget-image\" data-id=\"b36d2e2\" data-element_type=\"widget\" data-widget_type=\"image.default\">\n\t\t\t\t<div class=\"elementor-widget-container\">\n\t\t\t<style>\/*! elementor - v3.6.6 - 08-06-2022 *\/\n.elementor-widget-image{text-align:center}.elementor-widget-image a{display:inline-block}.elementor-widget-image a img[src$=\".svg\"]{width:48px}.elementor-widget-image img{vertical-align:middle;display:inline-block}<\/style>\t\t\t\t\t\t\t\t\t\t\t\t<img decoding=\"async\" loading=\"lazy\" width=\"511\" height=\"720\" src=\"https:\/\/pomorskiehospicjum.pl\/wp-content\/uploads\/2022\/05\/279463970_5202252629813398_7356235428113178558_n.jpg\" class=\"attachment-large size-large no-lazy\" alt=\"\" srcset=\"https:\/\/pomorskiehospicjum.pl\/wp-content\/uploads\/2022\/05\/279463970_5202252629813398_7356235428113178558_n.jpg 511w, https:\/\/pomorskiehospicjum.pl\/wp-content\/uploads\/2022\/05\/279463970_5202252629813398_7356235428113178558_n-213x300.jpg 213w\" sizes=\"(max-width: 511px) 100vw, 511px\" \/>\t\t\t\t\t\t\t\t\t\t\t\t\t\t\t<\/div>\n\t\t\t\t<\/div>\n\t\t\t\t\t<\/div>\n\t\t<\/div>\n\t\t\t\t\t\t\t<\/div>\n\t\t<\/section>\n\t\t\t\t\t<\/div>\n\t\t<\/div>\n\t\t\t\t\t\t\t<\/div>\n\t\t<\/section>\n\t\t\t\t\t\t\t<\/div>\n\t\t","protected":false},"excerpt":{"rendered":"<p>M\u0142odzie\u017cowa Rada Miasta Gda\u0144ska i M\u0142odzie\u017cowa Rada Miasta Sopotu serdecznie zaprasza na charytatywny koncert \u201eU\u015bmiech za U\u015bmiech\u201d. Odb\u0119dzie si\u0119 4 czerwca 2022 o godzinie 16:00, w muszli koncertowej na Monte Cassiono.Muzyka, dobra energia i pomoc to w\u0142a\u015bnie trzy rzeczy ,kt\u00f3rymi si\u0119 kierujemy, chcesz do\u0142\u0105czy\u0107? Serdecznie zapraszamy z rodzinami, przyjaci\u00f3\u0142mi i znajomymi. Nasza scena jest otwarta [&hellip;]<\/p>\n","protected":false},"author":1,"featured_media":0,"parent":0,"menu_order":0,"comment_status":"closed","ping_status":"closed","template":"","meta":{"_ti_tpc_template_sync":false,"_ti_tpc_template_id":"","footnotes":""},"_links":{"self":[{"href":"https:\/\/pomorskiehospicjum.pl\/index.php?rest_route=\/wp\/v2\/pages\/745"}],"collection":[{"href":"https:\/\/pomorskiehospicjum.pl\/index.php?rest_route=\/wp\/v2\/pages"}],"about":[{"href":"https:\/\/pomorskiehospicjum.pl\/index.php?rest_route=\/wp\/v2\/types\/page"}],"author":[{"embeddable":true,"href":"https:\/\/pomorskiehospicjum.pl\/index.php?rest_route=\/wp\/v2\/users\/1"}],"replies":[{"embeddable":true,"href":"https:\/\/pomorskiehospicjum.pl\/index.php?rest_route=%2Fwp%2Fv2%2Fcomments&post=745"}],"version-history":[{"count":10,"href":"https:\/\/pomorskiehospicjum.pl\/index.php?rest_route=\/wp\/v2\/pages\/745\/revisions"}],"predecessor-version":[{"id":2279,"href":"https:\/\/pomorskiehospicjum.pl\/index.php?rest_route=\/wp\/v2\/pages\/745\/revisions\/2279"}],"wp:attachment":[{"href":"https:\/\/pomorskiehospicjum.pl\/index.php?rest_route=%2Fwp%2Fv2%2Fmedia&parent=745"}],"curies":[{"name":"wp","href":"https:\/\/api.w.org\/{rel}","templated":true}]}}