{"id":740,"date":"2022-02-02T09:35:46","date_gmt":"2022-02-02T08:35:46","guid":{"rendered":"https:\/\/pomorskiehospicjum.pl\/?page_id=740"},"modified":"2022-02-08T13:39:26","modified_gmt":"2022-02-08T12:39:26","slug":"konferencje","status":"publish","type":"page","link":"https:\/\/pomorskiehospicjum.pl\/?page_id=740","title":{"rendered":"Konferencje"},"content":{"rendered":"\t\t<div data-elementor-type=\"wp-page\" data-elementor-id=\"740\" class=\"elementor elementor-740\">\n\t\t\t\t\t\t\t\t\t<section class=\"elementor-section elementor-top-section elementor-element elementor-element-aadca8c elementor-section-boxed elementor-section-height-default elementor-section-height-default\" data-id=\"aadca8c\" data-element_type=\"section\">\n\t\t\t\t\t\t<div class=\"elementor-container elementor-column-gap-default\">\n\t\t\t\t\t<div class=\"elementor-column elementor-col-100 elementor-top-column elementor-element elementor-element-37ac6d3\" data-id=\"37ac6d3\" data-element_type=\"column\">\n\t\t\t<div class=\"elementor-widget-wrap elementor-element-populated\">\n\t\t\t\t\t\t\t\t<section class=\"elementor-section elementor-inner-section elementor-element elementor-element-9daa3b9 elementor-section-boxed elementor-section-height-default elementor-section-height-default\" data-id=\"9daa3b9\" data-element_type=\"section\">\n\t\t\t\t\t\t<div class=\"elementor-container elementor-column-gap-default\">\n\t\t\t\t\t<div class=\"elementor-column elementor-col-50 elementor-inner-column elementor-element elementor-element-b8f23a7\" data-id=\"b8f23a7\" data-element_type=\"column\">\n\t\t\t<div class=\"elementor-widget-wrap elementor-element-populated\">\n\t\t\t\t\t\t\t\t<div class=\"elementor-element elementor-element-d1414fc elementor-widget elementor-widget-text-editor\" data-id=\"d1414fc\" data-element_type=\"widget\" data-widget_type=\"text-editor.default\">\n\t\t\t\t<div class=\"elementor-widget-container\">\n\t\t\t<style>\/*! elementor - v3.6.6 - 08-06-2022 *\/\n.elementor-widget-text-editor.elementor-drop-cap-view-stacked .elementor-drop-cap{background-color:#818a91;color:#fff}.elementor-widget-text-editor.elementor-drop-cap-view-framed .elementor-drop-cap{color:#818a91;border:3px solid;background-color:transparent}.elementor-widget-text-editor:not(.elementor-drop-cap-view-default) .elementor-drop-cap{margin-top:8px}.elementor-widget-text-editor:not(.elementor-drop-cap-view-default) .elementor-drop-cap-letter{width:1em;height:1em}.elementor-widget-text-editor .elementor-drop-cap{float:left;text-align:center;line-height:1;font-size:50px}.elementor-widget-text-editor .elementor-drop-cap-letter{display:inline-block}<\/style>\t\t\t\t<h3>JAKA JEST MEDYCYNA WRA\u017bLIWA KULTUROWO?<\/h3><h4>\u00a0<\/h4><p>Medycyna wra\u017cliwa kulturowo to medycyna otwarta, tolerancyjna i wychodz\u0105ca naprzeciw przekonaniom pacjent\u00f3w r\u00f3\u017cnych wyzna\u0144, buduj\u0105ca zaufanie i relacje.<br \/>Medycyna wra\u017cliwa kulturowo to projekt edukacyjny Pomorskiego Hospicjum dla Dzieci skierowany do medyk\u00f3w z r\u00f3\u017cnych dziedzin medycyny. Pragniemy wyposa\u017ca\u0107 w wiedz\u0119, rozmawia\u0107 i razem z wielokulturowymi partnerami zastanowi\u0107 si\u0119 jak leczy\u0107 i wspiera\u0107 pacjenta aby budowa\u0107 wzajemne zaufanie w aspekcie leczenia i umierania. Gda\u0144sk jest miastem wolno\u015bci i solidarno\u015bci, g\u0142\u0119boko wierzymy, \u017ce w\u0142a\u015bnie tu jest przestrze\u0144, aby ten projekt dobrze si\u0119 rozwija\u0142.<\/p>\t\t\t\t\t\t<\/div>\n\t\t\t\t<\/div>\n\t\t\t\t\t<\/div>\n\t\t<\/div>\n\t\t\t\t<div class=\"elementor-column elementor-col-50 elementor-inner-column elementor-element elementor-element-ce24959\" data-id=\"ce24959\" data-element_type=\"column\">\n\t\t\t<div class=\"elementor-widget-wrap elementor-element-populated\">\n\t\t\t\t\t\t\t\t<div class=\"elementor-element elementor-element-d6532e4 elementor-widget elementor-widget-image\" data-id=\"d6532e4\" data-element_type=\"widget\" data-widget_type=\"image.default\">\n\t\t\t\t<div class=\"elementor-widget-container\">\n\t\t\t<style>\/*! elementor - v3.6.6 - 08-06-2022 *\/\n.elementor-widget-image{text-align:center}.elementor-widget-image a{display:inline-block}.elementor-widget-image a img[src$=\".svg\"]{width:48px}.elementor-widget-image img{vertical-align:middle;display:inline-block}<\/style>\t\t\t\t\t\t\t\t\t\t\t\t<img decoding=\"async\" loading=\"lazy\" width=\"1024\" height=\"683\" src=\"https:\/\/pomorskiehospicjum.pl\/wp-content\/uploads\/2021\/11\/edukacja.jpg\" class=\"attachment-large size-large no-lazy\" alt=\"\" srcset=\"https:\/\/pomorskiehospicjum.pl\/wp-content\/uploads\/2021\/11\/edukacja.jpg 1024w, https:\/\/pomorskiehospicjum.pl\/wp-content\/uploads\/2021\/11\/edukacja-300x200.jpg 300w, https:\/\/pomorskiehospicjum.pl\/wp-content\/uploads\/2021\/11\/edukacja-768x512.jpg 768w, https:\/\/pomorskiehospicjum.pl\/wp-content\/uploads\/2021\/11\/edukacja-525x350.jpg 525w\" sizes=\"(max-width: 1024px) 100vw, 1024px\" \/>\t\t\t\t\t\t\t\t\t\t\t\t\t\t\t<\/div>\n\t\t\t\t<\/div>\n\t\t\t\t\t<\/div>\n\t\t<\/div>\n\t\t\t\t\t\t\t<\/div>\n\t\t<\/section>\n\t\t\t\t\t<\/div>\n\t\t<\/div>\n\t\t\t\t\t\t\t<\/div>\n\t\t<\/section>\n\t\t\t\t<section class=\"elementor-section elementor-top-section elementor-element elementor-element-6320c13 elementor-section-boxed elementor-section-height-default elementor-section-height-default\" data-id=\"6320c13\" data-element_type=\"section\">\n\t\t\t\t\t\t<div class=\"elementor-container elementor-column-gap-default\">\n\t\t\t\t\t<div class=\"elementor-column elementor-col-100 elementor-top-column elementor-element elementor-element-2c20c88\" data-id=\"2c20c88\" data-element_type=\"column\">\n\t\t\t<div class=\"elementor-widget-wrap elementor-element-populated\">\n\t\t\t\t\t\t\t\t<div class=\"elementor-element elementor-element-70f9231 elementor-widget elementor-widget-button\" data-id=\"70f9231\" data-element_type=\"widget\" data-widget_type=\"button.default\">\n\t\t\t\t<div class=\"elementor-widget-container\">\n\t\t\t\t\t<div class=\"elementor-button-wrapper\">\n\t\t\t<a href=\"https:\/\/pomorskiehospicjum.pl\/?page_id=38\" class=\"elementor-button-link elementor-button elementor-size-sm\" role=\"button\">\n\t\t\t\t\t\t<span class=\"elementor-button-content-wrapper\">\n\t\t\t\t\t\t<span class=\"elementor-button-text\">Fundacja<\/span>\n\t\t<\/span>\n\t\t\t\t\t<\/a>\n\t\t<\/div>\n\t\t\t\t<\/div>\n\t\t\t\t<\/div>\n\t\t\t\t<section class=\"elementor-section elementor-inner-section elementor-element elementor-element-276e638 elementor-section-boxed elementor-section-height-default elementor-section-height-default\" data-id=\"276e638\" data-element_type=\"section\">\n\t\t\t\t\t\t<div class=\"elementor-container elementor-column-gap-default\">\n\t\t\t\t\t<div class=\"elementor-column elementor-col-50 elementor-inner-column elementor-element elementor-element-5652ba6\" data-id=\"5652ba6\" data-element_type=\"column\">\n\t\t\t<div class=\"elementor-widget-wrap elementor-element-populated\">\n\t\t\t\t\t\t\t\t<div class=\"elementor-element elementor-element-3d28411 elementor-aspect-ratio-169 elementor-widget elementor-widget-video\" data-id=\"3d28411\" data-element_type=\"widget\" data-settings=\"{&quot;youtube_url&quot;:&quot;https:\\\/\\\/www.youtube.com\\\/watch?v=yr7FW_tnqCc&quot;,&quot;video_type&quot;:&quot;youtube&quot;,&quot;controls&quot;:&quot;yes&quot;,&quot;aspect_ratio&quot;:&quot;169&quot;}\" data-widget_type=\"video.default\">\n\t\t\t\t<div class=\"elementor-widget-container\">\n\t\t\t<style>\/*! elementor - v3.6.6 - 08-06-2022 *\/\n.elementor-widget-video .elementor-widget-container{overflow:hidden;-webkit-transform:translateZ(0);transform:translateZ(0)}.elementor-widget-video .elementor-open-inline .elementor-custom-embed-image-overlay{position:absolute;top:0;left:0;width:100%;height:100%;background-size:cover;background-position:50%}.elementor-widget-video .elementor-custom-embed-image-overlay{cursor:pointer;text-align:center}.elementor-widget-video .elementor-custom-embed-image-overlay:hover .elementor-custom-embed-play i{opacity:1}.elementor-widget-video .elementor-custom-embed-image-overlay img{display:block;width:100%}.elementor-widget-video .e-hosted-video .elementor-video{-o-object-fit:cover;object-fit:cover}<\/style>\t\t<div class=\"elementor-wrapper elementor-fit-aspect-ratio elementor-open-inline\">\n\t\t\t<div class=\"elementor-video\"><\/div>\t\t<\/div>\n\t\t\t\t<\/div>\n\t\t\t\t<\/div>\n\t\t\t\t\t<\/div>\n\t\t<\/div>\n\t\t\t\t<div class=\"elementor-column elementor-col-50 elementor-inner-column elementor-element elementor-element-55d1a13\" data-id=\"55d1a13\" data-element_type=\"column\">\n\t\t\t<div class=\"elementor-widget-wrap\">\n\t\t\t\t\t\t\t\t\t<\/div>\n\t\t<\/div>\n\t\t\t\t\t\t\t<\/div>\n\t\t<\/section>\n\t\t\t\t\t<\/div>\n\t\t<\/div>\n\t\t\t\t\t\t\t<\/div>\n\t\t<\/section>\n\t\t\t\t\t\t\t<\/div>\n\t\t","protected":false},"excerpt":{"rendered":"<p>JAKA JEST MEDYCYNA WRA\u017bLIWA KULTUROWO? \u00a0 Medycyna wra\u017cliwa kulturowo to medycyna otwarta, tolerancyjna i wychodz\u0105ca naprzeciw przekonaniom pacjent\u00f3w r\u00f3\u017cnych wyzna\u0144, buduj\u0105ca zaufanie i relacje.Medycyna wra\u017cliwa kulturowo to projekt edukacyjny Pomorskiego Hospicjum dla Dzieci skierowany do medyk\u00f3w z r\u00f3\u017cnych dziedzin medycyny. Pragniemy wyposa\u017ca\u0107 w wiedz\u0119, rozmawia\u0107 i razem z wielokulturowymi partnerami zastanowi\u0107 si\u0119 jak leczy\u0107 i [&hellip;]<\/p>\n","protected":false},"author":1,"featured_media":0,"parent":0,"menu_order":0,"comment_status":"closed","ping_status":"closed","template":"","meta":{"_ti_tpc_template_sync":false,"_ti_tpc_template_id":"","footnotes":""},"_links":{"self":[{"href":"https:\/\/pomorskiehospicjum.pl\/index.php?rest_route=\/wp\/v2\/pages\/740"}],"collection":[{"href":"https:\/\/pomorskiehospicjum.pl\/index.php?rest_route=\/wp\/v2\/pages"}],"about":[{"href":"https:\/\/pomorskiehospicjum.pl\/index.php?rest_route=\/wp\/v2\/types\/page"}],"author":[{"embeddable":true,"href":"https:\/\/pomorskiehospicjum.pl\/index.php?rest_route=\/wp\/v2\/users\/1"}],"replies":[{"embeddable":true,"href":"https:\/\/pomorskiehospicjum.pl\/index.php?rest_route=%2Fwp%2Fv2%2Fcomments&post=740"}],"version-history":[{"count":10,"href":"https:\/\/pomorskiehospicjum.pl\/index.php?rest_route=\/wp\/v2\/pages\/740\/revisions"}],"predecessor-version":[{"id":1198,"href":"https:\/\/pomorskiehospicjum.pl\/index.php?rest_route=\/wp\/v2\/pages\/740\/revisions\/1198"}],"wp:attachment":[{"href":"https:\/\/pomorskiehospicjum.pl\/index.php?rest_route=%2Fwp%2Fv2%2Fmedia&parent=740"}],"curies":[{"name":"wp","href":"https:\/\/api.w.org\/{rel}","templated":true}]}}