{"id":74,"date":"2021-11-04T10:01:37","date_gmt":"2021-11-04T09:01:37","guid":{"rendered":"https:\/\/pomorskiehospicjum.pl\/?page_id=74"},"modified":"2023-01-10T11:22:45","modified_gmt":"2023-01-10T10:22:45","slug":"1-2","status":"publish","type":"page","link":"https:\/\/pomorskiehospicjum.pl\/?page_id=74","title":{"rendered":"1,5%"},"content":{"rendered":"\t\t<div data-elementor-type=\"wp-page\" data-elementor-id=\"74\" class=\"elementor elementor-74\">\n\t\t\t\t\t\t\t\t\t<section class=\"elementor-section elementor-top-section elementor-element elementor-element-130cf3b elementor-section-boxed elementor-section-height-default elementor-section-height-default\" data-id=\"130cf3b\" data-element_type=\"section\">\n\t\t\t\t\t\t<div class=\"elementor-container elementor-column-gap-default\">\n\t\t\t\t\t<div class=\"elementor-column elementor-col-100 elementor-top-column elementor-element elementor-element-529e2e0\" data-id=\"529e2e0\" data-element_type=\"column\">\n\t\t\t<div class=\"elementor-widget-wrap elementor-element-populated\">\n\t\t\t\t\t\t\t\t<div class=\"elementor-element elementor-element-2656f5c elementor-widget elementor-widget-html\" data-id=\"2656f5c\" data-element_type=\"widget\" data-widget_type=\"html.default\">\n\t\t\t\t<div class=\"elementor-widget-container\">\n\t\t\t<div style=\"position:relative;width:315px;margin:0 auto;\"><a href=\"https:\/\/www.pitax.pl\/rozliczenie-pit-online-0000296652\" title=\"Przeka\u017c 1% naszej organizacji\" target=\"_blank\"><img decoding=\"async\" src=\"https:\/\/www.iwop.pl\/szybki-start\/pitax-new-start.png\" style=\"width:100%\" alt=\"Przeka\u017c 1% naszej organizacji\" \/><\/a><\/div>\t\t<\/div>\n\t\t\t\t<\/div>\n\t\t\t\t\t<\/div>\n\t\t<\/div>\n\t\t\t\t\t\t\t<\/div>\n\t\t<\/section>\n\t\t\t\t<section class=\"elementor-section elementor-top-section elementor-element elementor-element-aa93bda elementor-section-boxed elementor-section-height-default elementor-section-height-default\" data-id=\"aa93bda\" data-element_type=\"section\">\n\t\t\t\t\t\t<div class=\"elementor-container elementor-column-gap-default\">\n\t\t\t\t\t<div class=\"elementor-column elementor-col-100 elementor-top-column elementor-element elementor-element-f6f0ea7\" data-id=\"f6f0ea7\" data-element_type=\"column\">\n\t\t\t<div class=\"elementor-widget-wrap elementor-element-populated\">\n\t\t\t\t\t\t\t\t<section class=\"elementor-section elementor-inner-section elementor-element elementor-element-1f121c2 elementor-section-boxed elementor-section-height-default elementor-section-height-default\" data-id=\"1f121c2\" data-element_type=\"section\">\n\t\t\t\t\t\t<div class=\"elementor-container elementor-column-gap-default\">\n\t\t\t\t\t<div class=\"elementor-column elementor-col-100 elementor-inner-column elementor-element elementor-element-9881b2a\" data-id=\"9881b2a\" data-element_type=\"column\">\n\t\t\t<div class=\"elementor-widget-wrap elementor-element-populated\">\n\t\t\t\t\t\t\t\t<div class=\"elementor-element elementor-element-a026932 elementor-widget elementor-widget-text-editor\" data-id=\"a026932\" data-element_type=\"widget\" data-widget_type=\"text-editor.default\">\n\t\t\t\t<div class=\"elementor-widget-container\">\n\t\t\t<style>\/*! elementor - v3.6.6 - 08-06-2022 *\/\n.elementor-widget-text-editor.elementor-drop-cap-view-stacked .elementor-drop-cap{background-color:#818a91;color:#fff}.elementor-widget-text-editor.elementor-drop-cap-view-framed .elementor-drop-cap{color:#818a91;border:3px solid;background-color:transparent}.elementor-widget-text-editor:not(.elementor-drop-cap-view-default) .elementor-drop-cap{margin-top:8px}.elementor-widget-text-editor:not(.elementor-drop-cap-view-default) .elementor-drop-cap-letter{width:1em;height:1em}.elementor-widget-text-editor .elementor-drop-cap{float:left;text-align:center;line-height:1;font-size:50px}.elementor-widget-text-editor .elementor-drop-cap-letter{display:inline-block}<\/style>\t\t\t\t<div class=\"target-preview\"><p>\u015arodki zebrane z\u00a01,5% wykorzystane zostan\u0105 na dzia\u0142alno\u015b\u0107 statutow\u0105 Fundacji.<\/p><p><strong>Fundacja Pomorskie Hospicjum dla Dzieci<\/strong> od 2008 roku obejmuje opiek\u0105 nieuleczalnie chore dzieci z\u00a0terenu wojew\u00f3dztwa pomorskiego w\u00a0ich w\u0142asnych domach, gdy rodzice i\u00a0lekarze podejmuj\u0105 decyzj\u0119 o\u00a0zako\u0144czeniu leczenia w\u00a0szpitalu. Celem opieki jest zmniejszenie cierpienia i\u00a0poprawa jako\u015bci \u017cycia zar\u00f3wno chorego dziecka, jak i\u00a0jego rodziny. <strong>24 godziny na dob\u0119 pe\u0142nimy specjalistyczn\u0105 opiek\u0119 medyczn\u0105, 7 dni w\u00a0tygodniu, w\u00a0dni zwyk\u0142e i\u00a0\u015bwi\u0119ta.<\/strong> Wysoko wykwalifikowany zesp\u00f3\u0142 hospicjum dysponuj\u0105cy specjalistycznym sprz\u0119tem jest w\u00a0stanie zapewni\u0107 choremu dziecku i\u00a0jego rodzinie bezpieczny pobyt w\u00a0domu.<\/p><p>Fundacja Pomorskie Hospicjum dla Dzieci istnieje dzi\u0119ki wsparciu\u00a0 finansowemu, jakie otrzymuje w\u00a0postaci przekazanych darowizn\u00a0 finansowych i\u00a0rzeczowych od firm i\u00a0os\u00f3b prywatnych, a\u00a0przede wszystkim <strong>dzi\u0119ki corocznie przekazywanemu 1,5% podatku.<\/strong>\u00a0 Stanowi on prawie po\u0142ow\u0119 naszego corocznego bud\u017cetu i\u00a0bez niego niemo\u017cliwym by\u0142oby sprawowanie szerokiej opieki nad naszymi Podopiecznymi.<\/p><\/div>\t\t\t\t\t\t<\/div>\n\t\t\t\t<\/div>\n\t\t\t\t\t<\/div>\n\t\t<\/div>\n\t\t\t\t\t\t\t<\/div>\n\t\t<\/section>\n\t\t\t\t\t<\/div>\n\t\t<\/div>\n\t\t\t\t\t\t\t<\/div>\n\t\t<\/section>\n\t\t\t\t<section class=\"elementor-section elementor-top-section elementor-element elementor-element-eac6ec0 elementor-section-boxed elementor-section-height-default elementor-section-height-default\" data-id=\"eac6ec0\" data-element_type=\"section\">\n\t\t\t\t\t\t<div class=\"elementor-container elementor-column-gap-default\">\n\t\t\t\t\t<div class=\"elementor-column elementor-col-100 elementor-top-column elementor-element elementor-element-671ba24\" data-id=\"671ba24\" data-element_type=\"column\">\n\t\t\t<div class=\"elementor-widget-wrap elementor-element-populated\">\n\t\t\t\t\t\t\t\t<div class=\"elementor-element elementor-element-817165f elementor-widget elementor-widget-html\" data-id=\"817165f\" data-element_type=\"widget\" data-widget_type=\"html.default\">\n\t\t\t\t<div class=\"elementor-widget-container\">\n\t\t\t<a href=\"https:\/\/www.iwop.pl\/serwis-podatkowy\/\">Rozliczenie PIT we wsp\u00f3\u0142pracy z Instytutem Wsparcia Organizacji <br>Pozarz\u0105dowych<\/a> w ramach projektu <a href=\"https:\/\/www.pitax.pl\/rozliczenie-pit\/\">PITax.pl dla OPP<\/a>. \t\t<\/div>\n\t\t\t\t<\/div>\n\t\t\t\t\t<\/div>\n\t\t<\/div>\n\t\t\t\t\t\t\t<\/div>\n\t\t<\/section>\n\t\t\t\t\t\t\t<\/div>\n\t\t","protected":false},"excerpt":{"rendered":"<p>\u015arodki zebrane z&nbsp;1,5% wykorzystane zostan\u0105 na dzia\u0142alno\u015b\u0107 statutow\u0105 Fundacji. Fundacja Pomorskie Hospicjum dla Dzieci od 2008 roku obejmuje opiek\u0105 nieuleczalnie chore dzieci z&nbsp;terenu wojew\u00f3dztwa pomorskiego w&nbsp;ich w\u0142asnych domach, gdy rodzice i&nbsp;lekarze podejmuj\u0105 decyzj\u0119 o&nbsp;zako\u0144czeniu leczenia w&nbsp;szpitalu. Celem opieki jest zmniejszenie cierpienia i&nbsp;poprawa jako\u015bci \u017cycia zar\u00f3wno chorego dziecka, jak i&nbsp;jego rodziny. 24 godziny na dob\u0119 pe\u0142nimy [&hellip;]<\/p>\n","protected":false},"author":1,"featured_media":0,"parent":0,"menu_order":0,"comment_status":"closed","ping_status":"closed","template":"","meta":{"_ti_tpc_template_sync":false,"_ti_tpc_template_id":"","footnotes":""},"_links":{"self":[{"href":"https:\/\/pomorskiehospicjum.pl\/index.php?rest_route=\/wp\/v2\/pages\/74"}],"collection":[{"href":"https:\/\/pomorskiehospicjum.pl\/index.php?rest_route=\/wp\/v2\/pages"}],"about":[{"href":"https:\/\/pomorskiehospicjum.pl\/index.php?rest_route=\/wp\/v2\/types\/page"}],"author":[{"embeddable":true,"href":"https:\/\/pomorskiehospicjum.pl\/index.php?rest_route=\/wp\/v2\/users\/1"}],"replies":[{"embeddable":true,"href":"https:\/\/pomorskiehospicjum.pl\/index.php?rest_route=%2Fwp%2Fv2%2Fcomments&post=74"}],"version-history":[{"count":20,"href":"https:\/\/pomorskiehospicjum.pl\/index.php?rest_route=\/wp\/v2\/pages\/74\/revisions"}],"predecessor-version":[{"id":22322,"href":"https:\/\/pomorskiehospicjum.pl\/index.php?rest_route=\/wp\/v2\/pages\/74\/revisions\/22322"}],"wp:attachment":[{"href":"https:\/\/pomorskiehospicjum.pl\/index.php?rest_route=%2Fwp%2Fv2%2Fmedia&parent=74"}],"curies":[{"name":"wp","href":"https:\/\/api.w.org\/{rel}","templated":true}]}}