{"id":728,"date":"2022-02-02T09:30:48","date_gmt":"2022-02-02T08:30:48","guid":{"rendered":"https:\/\/pomorskiehospicjum.pl\/?page_id=728"},"modified":"2022-02-08T13:43:48","modified_gmt":"2022-02-08T12:43:48","slug":"edukacja","status":"publish","type":"page","link":"https:\/\/pomorskiehospicjum.pl\/?page_id=728","title":{"rendered":"Edukacja"},"content":{"rendered":"\t\t<div data-elementor-type=\"wp-page\" data-elementor-id=\"728\" class=\"elementor elementor-728\">\n\t\t\t\t\t\t\t\t\t<section class=\"elementor-section elementor-top-section elementor-element elementor-element-5480735 elementor-section-boxed elementor-section-height-default elementor-section-height-default\" data-id=\"5480735\" data-element_type=\"section\">\n\t\t\t\t\t\t<div class=\"elementor-container elementor-column-gap-default\">\n\t\t\t\t\t<div class=\"elementor-column elementor-col-100 elementor-top-column elementor-element elementor-element-394d2c1\" data-id=\"394d2c1\" data-element_type=\"column\">\n\t\t\t<div class=\"elementor-widget-wrap elementor-element-populated\">\n\t\t\t\t\t\t\t\t<section class=\"elementor-section elementor-inner-section elementor-element elementor-element-683f122 elementor-section-boxed elementor-section-height-default elementor-section-height-default\" data-id=\"683f122\" data-element_type=\"section\">\n\t\t\t\t\t\t<div class=\"elementor-container elementor-column-gap-default\">\n\t\t\t\t\t<div class=\"elementor-column elementor-col-50 elementor-inner-column elementor-element elementor-element-07f609a\" data-id=\"07f609a\" data-element_type=\"column\">\n\t\t\t<div class=\"elementor-widget-wrap elementor-element-populated\">\n\t\t\t\t\t\t\t\t<div class=\"elementor-element elementor-element-c30f12c elementor-widget elementor-widget-image\" data-id=\"c30f12c\" data-element_type=\"widget\" data-widget_type=\"image.default\">\n\t\t\t\t<div class=\"elementor-widget-container\">\n\t\t\t<style>\/*! elementor - v3.6.6 - 08-06-2022 *\/\n.elementor-widget-image{text-align:center}.elementor-widget-image a{display:inline-block}.elementor-widget-image a img[src$=\".svg\"]{width:48px}.elementor-widget-image img{vertical-align:middle;display:inline-block}<\/style>\t\t\t\t\t\t\t\t\t\t\t\t<img decoding=\"async\" loading=\"lazy\" width=\"1024\" height=\"576\" src=\"https:\/\/pomorskiehospicjum.pl\/wp-content\/uploads\/2022\/02\/edukacja_01-1024x576.jpg\" class=\"attachment-large size-large no-lazy\" alt=\"\" srcset=\"https:\/\/pomorskiehospicjum.pl\/wp-content\/uploads\/2022\/02\/edukacja_01-1024x576.jpg 1024w, https:\/\/pomorskiehospicjum.pl\/wp-content\/uploads\/2022\/02\/edukacja_01-300x169.jpg 300w, https:\/\/pomorskiehospicjum.pl\/wp-content\/uploads\/2022\/02\/edukacja_01-768x432.jpg 768w, https:\/\/pomorskiehospicjum.pl\/wp-content\/uploads\/2022\/02\/edukacja_01.jpg 1080w\" sizes=\"(max-width: 1024px) 100vw, 1024px\" \/>\t\t\t\t\t\t\t\t\t\t\t\t\t\t\t<\/div>\n\t\t\t\t<\/div>\n\t\t\t\t\t<\/div>\n\t\t<\/div>\n\t\t\t\t<div class=\"elementor-column elementor-col-50 elementor-inner-column elementor-element elementor-element-4028773\" data-id=\"4028773\" data-element_type=\"column\">\n\t\t\t<div class=\"elementor-widget-wrap elementor-element-populated\">\n\t\t\t\t\t\t\t\t<div class=\"elementor-element elementor-element-5ecc512 elementor-widget elementor-widget-text-editor\" data-id=\"5ecc512\" data-element_type=\"widget\" data-widget_type=\"text-editor.default\">\n\t\t\t\t<div class=\"elementor-widget-container\">\n\t\t\t<style>\/*! elementor - v3.6.6 - 08-06-2022 *\/\n.elementor-widget-text-editor.elementor-drop-cap-view-stacked .elementor-drop-cap{background-color:#818a91;color:#fff}.elementor-widget-text-editor.elementor-drop-cap-view-framed .elementor-drop-cap{color:#818a91;border:3px solid;background-color:transparent}.elementor-widget-text-editor:not(.elementor-drop-cap-view-default) .elementor-drop-cap{margin-top:8px}.elementor-widget-text-editor:not(.elementor-drop-cap-view-default) .elementor-drop-cap-letter{width:1em;height:1em}.elementor-widget-text-editor .elementor-drop-cap{float:left;text-align:center;line-height:1;font-size:50px}.elementor-widget-text-editor .elementor-drop-cap-letter{display:inline-block}<\/style>\t\t\t\t<p>Od ponad dw\u00f3ch lat Pomorskie Hospicjum dla Dzieci prowadzi edukacj\u0119 w przedszkolach, szko\u0142ach i uczelniach wy\u017cszych. Projekt jest swoistym podzi\u0119kowaniem dla wra\u017cliwego spo\u0142ecze\u0144stwa, kt\u00f3re od 10 lat pomaga naszemu hospicjum w trudnej misji opiekowania si\u0119 \u015bmiertelnie chorymi dzie\u0107mi. Prezentacje s\u0105 bezp\u0142atne, do plac\u00f3wek edukacyjnych docieramy na teren ca\u0142ego wojew\u00f3dztwa pomorskiego.<\/p>\t\t\t\t\t\t<\/div>\n\t\t\t\t<\/div>\n\t\t\t\t\t<\/div>\n\t\t<\/div>\n\t\t\t\t\t\t\t<\/div>\n\t\t<\/section>\n\t\t\t\t\t<\/div>\n\t\t<\/div>\n\t\t\t\t\t\t\t<\/div>\n\t\t<\/section>\n\t\t\t\t<section class=\"elementor-section elementor-top-section elementor-element elementor-element-f655bf9 elementor-section-boxed elementor-section-height-default elementor-section-height-default\" data-id=\"f655bf9\" data-element_type=\"section\">\n\t\t\t\t\t\t<div class=\"elementor-container elementor-column-gap-default\">\n\t\t\t\t\t<div class=\"elementor-column elementor-col-100 elementor-top-column elementor-element elementor-element-0f3164e\" data-id=\"0f3164e\" data-element_type=\"column\">\n\t\t\t<div class=\"elementor-widget-wrap elementor-element-populated\">\n\t\t\t\t\t\t\t\t<section class=\"elementor-section elementor-inner-section elementor-element elementor-element-1fd029f elementor-section-boxed elementor-section-height-default elementor-section-height-default\" data-id=\"1fd029f\" data-element_type=\"section\">\n\t\t\t\t\t\t<div class=\"elementor-container elementor-column-gap-default\">\n\t\t\t\t\t<div class=\"elementor-column elementor-col-50 elementor-inner-column elementor-element elementor-element-80cab19\" data-id=\"80cab19\" data-element_type=\"column\">\n\t\t\t<div class=\"elementor-widget-wrap elementor-element-populated\">\n\t\t\t\t\t\t\t\t<div class=\"elementor-element elementor-element-4e5073b elementor-widget elementor-widget-text-editor\" data-id=\"4e5073b\" data-element_type=\"widget\" data-widget_type=\"text-editor.default\">\n\t\t\t\t<div class=\"elementor-widget-container\">\n\t\t\t\t\t\t\t<h3>PRZEDSZKOLA<\/h3><h4>POGADANKA PT. OSWOI\u0106 NIEPE\u0141NOSPRAWNO\u015a\u0106.<\/h4><p>W przedszkolach uczymy dzieci integracji i tolerancji. Razem z maluchami odnajdujemy pi\u0119kno w twarzach niepe\u0142nosprawnych r\u00f3wie\u015bnik\u00f3w. Kr\u00f3tkie 20 minutowe pogadanki kierujemy do dzieci w wieku 5 i 6 lat.<\/p>\t\t\t\t\t\t<\/div>\n\t\t\t\t<\/div>\n\t\t\t\t\t<\/div>\n\t\t<\/div>\n\t\t\t\t<div class=\"elementor-column elementor-col-50 elementor-inner-column elementor-element elementor-element-8de4b3e\" data-id=\"8de4b3e\" data-element_type=\"column\">\n\t\t\t<div class=\"elementor-widget-wrap elementor-element-populated\">\n\t\t\t\t\t\t\t\t<div class=\"elementor-element elementor-element-dd101e2 elementor-widget elementor-widget-text-editor\" data-id=\"dd101e2\" data-element_type=\"widget\" data-widget_type=\"text-editor.default\">\n\t\t\t\t<div class=\"elementor-widget-container\">\n\t\t\t\t\t\t\t<h3>SZKO\u0141Y PODSTAWOWE I PONADPODSTAWOWE.<\/h3><h4>PREZENTACJA PT. \u017bYCIE MOJ\u0104 PASJ\u0104.<\/h4><p>U starszych dzieci w wieku szkolnym opowiadamy o do\u015bwiadczeniu choroby i niepe\u0142nosprawno\u015bci, przedstawiamy historie dzieci i udowadniamy, \u017ce mimo \u015bmiertelnej choroby mo\u017cna cieszy\u0107 si\u0119 \u017cyciem, zach\u0119camy do wolontariatu.<\/p>\t\t\t\t\t\t<\/div>\n\t\t\t\t<\/div>\n\t\t\t\t\t<\/div>\n\t\t<\/div>\n\t\t\t\t\t\t\t<\/div>\n\t\t<\/section>\n\t\t\t\t\t<\/div>\n\t\t<\/div>\n\t\t\t\t\t\t\t<\/div>\n\t\t<\/section>\n\t\t\t\t<section class=\"elementor-section elementor-top-section elementor-element elementor-element-7c18e97 elementor-section-boxed elementor-section-height-default elementor-section-height-default\" data-id=\"7c18e97\" data-element_type=\"section\">\n\t\t\t\t\t\t<div class=\"elementor-container elementor-column-gap-default\">\n\t\t\t\t\t<div class=\"elementor-column elementor-col-100 elementor-top-column elementor-element elementor-element-84c927f\" data-id=\"84c927f\" data-element_type=\"column\">\n\t\t\t<div class=\"elementor-widget-wrap elementor-element-populated\">\n\t\t\t\t\t\t\t\t<section class=\"elementor-section elementor-inner-section elementor-element elementor-element-475806e elementor-section-boxed elementor-section-height-default elementor-section-height-default\" data-id=\"475806e\" data-element_type=\"section\">\n\t\t\t\t\t\t<div class=\"elementor-container elementor-column-gap-default\">\n\t\t\t\t\t<div class=\"elementor-column elementor-col-50 elementor-inner-column elementor-element elementor-element-c2bb473\" data-id=\"c2bb473\" data-element_type=\"column\">\n\t\t\t<div class=\"elementor-widget-wrap elementor-element-populated\">\n\t\t\t\t\t\t\t\t<div class=\"elementor-element elementor-element-b6581fb elementor-widget elementor-widget-text-editor\" data-id=\"b6581fb\" data-element_type=\"widget\" data-widget_type=\"text-editor.default\">\n\t\t\t\t<div class=\"elementor-widget-container\">\n\t\t\t\t\t\t\t<h3>SZKOLNICTWO WY\u017bSZE<\/h3><h4>\u00a0<\/h4><p>Na uczelniach rozwa\u017camy \u015bmier\u0107 w aspekcie uporczywej terapii i poszanowania ludzkich wybor\u00f3w, przypominamy o prawach dziecka powtarzaj\u0105c je za naszym wielkim mentorem Januszem Korczakiem. Historie naszych podopiecznych stanowi\u0105 kanw\u0119 do przemy\u015ble\u0144 i dyskusji na temat rado\u015bci \u017cycia , ale r\u00f3wnie\u017c jego ulotno\u015bci.<\/p>\t\t\t\t\t\t<\/div>\n\t\t\t\t<\/div>\n\t\t\t\t\t<\/div>\n\t\t<\/div>\n\t\t\t\t<div class=\"elementor-column elementor-col-50 elementor-inner-column elementor-element elementor-element-0d1e448\" data-id=\"0d1e448\" data-element_type=\"column\">\n\t\t\t<div class=\"elementor-widget-wrap\">\n\t\t\t\t\t\t\t\t\t<\/div>\n\t\t<\/div>\n\t\t\t\t\t\t\t<\/div>\n\t\t<\/section>\n\t\t\t\t\t<\/div>\n\t\t<\/div>\n\t\t\t\t\t\t\t<\/div>\n\t\t<\/section>\n\t\t\t\t\t\t\t<\/div>\n\t\t","protected":false},"excerpt":{"rendered":"<p>Od ponad dw\u00f3ch lat Pomorskie Hospicjum dla Dzieci prowadzi edukacj\u0119 w przedszkolach, szko\u0142ach i uczelniach wy\u017cszych. Projekt jest swoistym podzi\u0119kowaniem dla wra\u017cliwego spo\u0142ecze\u0144stwa, kt\u00f3re od 10 lat pomaga naszemu hospicjum w trudnej misji opiekowania si\u0119 \u015bmiertelnie chorymi dzie\u0107mi. Prezentacje s\u0105 bezp\u0142atne, do plac\u00f3wek edukacyjnych docieramy na teren ca\u0142ego wojew\u00f3dztwa pomorskiego. PRZEDSZKOLA POGADANKA PT. OSWOI\u0106 NIEPE\u0141NOSPRAWNO\u015a\u0106. [&hellip;]<\/p>\n","protected":false},"author":1,"featured_media":0,"parent":0,"menu_order":0,"comment_status":"closed","ping_status":"closed","template":"","meta":{"_ti_tpc_template_sync":false,"_ti_tpc_template_id":"","footnotes":""},"_links":{"self":[{"href":"https:\/\/pomorskiehospicjum.pl\/index.php?rest_route=\/wp\/v2\/pages\/728"}],"collection":[{"href":"https:\/\/pomorskiehospicjum.pl\/index.php?rest_route=\/wp\/v2\/pages"}],"about":[{"href":"https:\/\/pomorskiehospicjum.pl\/index.php?rest_route=\/wp\/v2\/types\/page"}],"author":[{"embeddable":true,"href":"https:\/\/pomorskiehospicjum.pl\/index.php?rest_route=\/wp\/v2\/users\/1"}],"replies":[{"embeddable":true,"href":"https:\/\/pomorskiehospicjum.pl\/index.php?rest_route=%2Fwp%2Fv2%2Fcomments&post=728"}],"version-history":[{"count":10,"href":"https:\/\/pomorskiehospicjum.pl\/index.php?rest_route=\/wp\/v2\/pages\/728\/revisions"}],"predecessor-version":[{"id":1206,"href":"https:\/\/pomorskiehospicjum.pl\/index.php?rest_route=\/wp\/v2\/pages\/728\/revisions\/1206"}],"wp:attachment":[{"href":"https:\/\/pomorskiehospicjum.pl\/index.php?rest_route=%2Fwp%2Fv2%2Fmedia&parent=728"}],"curies":[{"name":"wp","href":"https:\/\/api.w.org\/{rel}","templated":true}]}}