{"id":2073,"date":"2022-04-07T09:27:09","date_gmt":"2022-04-07T07:27:09","guid":{"rendered":"https:\/\/pomorskiehospicjum.pl\/?page_id=2073"},"modified":"2022-04-07T09:29:32","modified_gmt":"2022-04-07T07:29:32","slug":"o-komunikacji-cz-3","status":"publish","type":"page","link":"https:\/\/pomorskiehospicjum.pl\/?page_id=2073","title":{"rendered":"O komunikacji, cz\u0119\u015b\u0107 III"},"content":{"rendered":"\t\t<div data-elementor-type=\"wp-page\" data-elementor-id=\"2073\" class=\"elementor elementor-2073\">\n\t\t\t\t\t\t\t\t\t<section class=\"elementor-section elementor-top-section elementor-element elementor-element-14f508b elementor-section-boxed elementor-section-height-default elementor-section-height-default\" data-id=\"14f508b\" data-element_type=\"section\">\n\t\t\t\t\t\t<div class=\"elementor-container elementor-column-gap-default\">\n\t\t\t\t\t<div class=\"elementor-column elementor-col-100 elementor-top-column elementor-element elementor-element-46d1d4e\" data-id=\"46d1d4e\" data-element_type=\"column\">\n\t\t\t<div class=\"elementor-widget-wrap elementor-element-populated\">\n\t\t\t\t\t\t\t\t<section class=\"elementor-section elementor-inner-section elementor-element elementor-element-ca0d492 elementor-section-boxed elementor-section-height-default elementor-section-height-default\" data-id=\"ca0d492\" data-element_type=\"section\">\n\t\t\t\t\t\t<div class=\"elementor-container elementor-column-gap-default\">\n\t\t\t\t\t<div class=\"elementor-column elementor-col-50 elementor-inner-column elementor-element elementor-element-f8f30ff\" data-id=\"f8f30ff\" data-element_type=\"column\">\n\t\t\t<div class=\"elementor-widget-wrap elementor-element-populated\">\n\t\t\t\t\t\t\t\t<div class=\"elementor-element elementor-element-9d51d05 elementor-widget elementor-widget-text-editor\" data-id=\"9d51d05\" data-element_type=\"widget\" data-widget_type=\"text-editor.default\">\n\t\t\t\t<div class=\"elementor-widget-container\">\n\t\t\t<style>\/*! elementor - v3.6.6 - 08-06-2022 *\/\n.elementor-widget-text-editor.elementor-drop-cap-view-stacked .elementor-drop-cap{background-color:#818a91;color:#fff}.elementor-widget-text-editor.elementor-drop-cap-view-framed .elementor-drop-cap{color:#818a91;border:3px solid;background-color:transparent}.elementor-widget-text-editor:not(.elementor-drop-cap-view-default) .elementor-drop-cap{margin-top:8px}.elementor-widget-text-editor:not(.elementor-drop-cap-view-default) .elementor-drop-cap-letter{width:1em;height:1em}.elementor-widget-text-editor .elementor-drop-cap{float:left;text-align:center;line-height:1;font-size:50px}.elementor-widget-text-editor .elementor-drop-cap-letter{display:inline-block}<\/style>\t\t\t\t<p>O komunikacji, cz\u0119\u015b\u0107 III<\/p><div>\u00a0<\/div><div>W komunikacji dobrze jest wiedzie\u0107: jak m\u00f3wi\u0107, jak s\u0142ucha\u0107 i o czym m\u00f3wi\u0107&#8230;\u00a0<\/div><div>\u00a0<\/div><div>Jak s\u0142ucha\u0107, jak m\u00f3wi\u0107 &#8230; o tym by\u0142o ostatnio.<\/div><div>\u00a0<\/div><div>Dzisiaj troch\u0119 o tym, o czym m\u00f3wi\u0107 &#8230; o jako\u015bci tego, co jest pomi\u0119dzy w komunikacji.<\/div><div>\u00a0<\/div><div>A mianowicie o emocjach &#8230;\u00a0<\/div><div>\u00a0<\/div><div>W komunikacji bywa od nich g\u0119sto. Nie wa\u017cne w zasadzie, czy rozmawiamy o trudno\u015bciach, z\u0142o\u015bci, czy o marzeniach, pragnieniach &#8230;\u00a0<\/div><div>\u00a0<\/div><div>Emocje dla wielu s\u0105 obci\u0105\u017caj\u0105ce. Wynika to cz\u0119sto z tego, \u017ce bierzemy je bardzo osobi\u015bcie. Emocje, kt\u00f3rych do\u015bwiadcza jedna ze stron komunikacji od razu przez drug\u0105 brane s\u0105, jako osobisty atak, afront, przytyk.<\/div><div>Pojawienie si\u0119 emocji sprawia do\u015b\u0107 cz\u0119sto, \u017ce adresat komunikatu przestaje zwraca\u0107 uwag\u0119 na warstw\u0119 tekstow\u0105 zda\u0144. Adresat cz\u0119sto jest dotkni\u0119ty emocjami nadawcy. Jakby to, co powiedziane trafi\u0142o niczym list do odpowiedniej przegr\u00f3dki u adresata &#8230; I tak w rzeczywisto\u015bci jest&#8230;\u00a0<\/div><div>\u00a0<\/div><div>Ale troch\u0119 inaczej, ni\u017c wi\u0119kszo\u015b\u0107 zwyk\u0142a ten list odbiera\u0107 &#8230; Poniewa\u017c to, co tak bardzo dotyka jest informacj\u0105 o nas samych.<\/div><div>A nie o tre\u015bci listu i nadawcy.<\/div><div>Trzeba sobie zada\u0107 pytanie, dlaczego informacja &#8222;Czuj\u0119 smutek&#8221;, b\u0105d\u017a po prostu czyj\u015b p\u0142acz &#8230; potrafi zrodzi\u0107:\u00a0<\/div><div>\u00a0<\/div><div>z\u0142o\u015b\u0107 i powodowa\u0107 atak (&#8222;przecie\u017c nie chcia\u0142em! Zawsze to moja wina&#8221;),\u00a0<\/div><div>\u00a0<\/div><div>smutek (&#8222;co mam z tym zrobi\u0107? Jak pom\u00f3c?&#8221;),\u00a0<\/div><div>\u00a0<\/div><div>\u017cal (&#8222;mo\u017ce to ja jestem znowu za to odpowiedzialna?!&#8221;),\u00a0<\/div><div>\u00a0<\/div><div>satysfakcja\u00a0(&#8222;dobrze Ci tak!) ?<\/div><div>\u00a0<\/div><div>Czyje\u015b emocje budz\u0105 w nas &#8230; emocje, poniewa\u017c trafiaj\u0105 do odpowiedniej szufladki, do odpowiedniej przegr\u00f3dki, na kt\u00f3rej adres by\u0142:\u00a0<\/div><div>\u00a0<\/div><div>Jan Kowalski<\/div><div>Odrzucenie 3a\/15<\/div><div>72-451 Poczucie winy<\/div><div>\u00a0<\/div><div>Anna Nowak<\/div><div>ul. Nadodpowiedzialno\u015bci 53<\/div><div>81-323 Nie zostawiaj mnie<\/div><div>\u00a0<\/div><div>Honorata Iksi\u0144ska<\/div><div>Aleja Pretensji 124a<\/div><div>43-981 Wstyd mi, za moje potrzeby<\/div><div>\u00a0<\/div><div>I tak dalej, i tak dalej &#8230; Emocje, kt\u00f3re mamy w sobie w zwi\u0105zku z komunikatem, jaki jest do nas kierowany, cz\u0119sto zdarza si\u0119, \u017ce s\u0105 naszym wewn\u0119trznym zranieniem. Czym\u015b co jest w nas od bardzo dawna i w zwi\u0105zku z tym, na czyj\u015b p\u0142acz reagujemy z\u0142o\u015bci\u0105 .. np. dlatego, \u017ce sami nie dajemy sobie prawa do \u0142ez, albo dlatego, \u017ce nie mieli\u015bmy mocy, jako dziecko by pocieszy\u0107 kogo\u015b bliskiego. I to s\u0105 te adresy. Bardzo precyzyjnie wysy\u0142ane listy, pod konkretny adres (zranienie) &#8230;\u00a0<\/div><div>\u00a0<\/div><div>Je\u015bli spojrze\u0107 na emocje, jak na informacje &#8230; Informacje o mnie, o nadawcy, o niezaspokojonych potrzebach&#8230; Czy to nie budzi wi\u0119kszej lekko\u015bci? Czy nie pojawia si\u0119 wi\u0119ksze pole do manewru?\u00a0<\/div><div>Oczywi\u015bcie mog\u0119 my\u015ble\u0107, \u017ce skoro kto\u015b p\u0142acze to jest to moja wina, albo \u017ce w zasadzie to dobrze mu tak, bo mnie tak zrani\u0142, \u017ce niech teraz cierpi&#8230; Ale mog\u0119 te\u017c pomy\u015ble\u0107, co ta emocja niesie za informacje &#8230; By\u0107 mo\u017ce m\u00f3wi tylko &#8222;ona jest smutna&#8221;, &#8222;ona czuje si\u0119 zraniona&#8221;, &#8222;bardzo jej na czym\u015b zale\u017ca\u0142o, a to straci\u0142a&#8221; &#8230;\u00a0<\/div><div>\u00a0<\/div><div>My\u015bl\u0119, \u017ce tak jest po prostu \u0142atwiej. L\u017cej. Przyjemniej. I tam jest miejsce na komunikacj\u0119. Tam jest miejsce na s\u0142uchanie (&#8222;Widz\u0119, \u017ce jest Ci bardzo ci\u0119\u017cko z tym, co si\u0119 wydarzy\u0142o. Czuj\u0119, \u017ce straci\u0142a\u015b co\u015b bardzo wa\u017cnego i potrzebujesz czasu na prze\u017cycie tej straty.&#8221;), jest tam te\u017c miejsce na m\u00f3wienie (&#8222;Czuj\u0119 z\u0142o\u015b\u0107, gdy p\u0142aczesz &#8230; Nie umiem poradzi\u0107 sobie z tym, \u017ce mog\u0142am Ci\u0119 zrani\u0107. Przecie\u017c nie chcia\u0142am, a widz\u0119, \u017ce czujesz si\u0119 bardzo dotkni\u0119ta, nie wiem, co z tym zrobi\u0107. Powiedzia\u0142am tylko o swoich\u00a0potrzebach.). Jest tam miejsce na widzenie siebie nawzajem, a wi\u0119c bycie bardzo blisko &#8230; Na budowanie relacji. Na bycie odpowiedzialnym za swoje potrzeby i na nie bycie nadodpowiedzialnym\u00a0za to, co po drugiej stronie. Jest miejsce na rozw\u00f3j w\u0142asny, na odrzucanie i na leczenie starych zranie\u0144.<\/div><div>\u00a0<\/div><div>A wi\u0119c, Ty .. Ty jako nadawca co wysy\u0142asz &#8230;. ?<\/div><div>Ty &#8230;<\/div><div>Ty, jako adresat &#8230;<\/div><div>Co czytasz &#8230; ?<\/div>\t\t\t\t\t\t<\/div>\n\t\t\t\t<\/div>\n\t\t\t\t\t<\/div>\n\t\t<\/div>\n\t\t\t\t<div class=\"elementor-column elementor-col-50 elementor-inner-column elementor-element elementor-element-671bafe\" data-id=\"671bafe\" data-element_type=\"column\">\n\t\t\t<div class=\"elementor-widget-wrap elementor-element-populated\">\n\t\t\t\t\t\t\t\t<div class=\"elementor-element elementor-element-9ab7895 elementor-widget elementor-widget-image\" data-id=\"9ab7895\" data-element_type=\"widget\" data-widget_type=\"image.default\">\n\t\t\t\t<div class=\"elementor-widget-container\">\n\t\t\t<style>\/*! elementor - v3.6.6 - 08-06-2022 *\/\n.elementor-widget-image{text-align:center}.elementor-widget-image a{display:inline-block}.elementor-widget-image a img[src$=\".svg\"]{width:48px}.elementor-widget-image img{vertical-align:middle;display:inline-block}<\/style>\t\t\t\t\t\t\t\t\t\t\t\t<img decoding=\"async\" loading=\"lazy\" width=\"500\" height=\"334\" src=\"https:\/\/pomorskiehospicjum.pl\/wp-content\/uploads\/2021\/11\/aktualnosci.jpg\" class=\"attachment-large size-large no-lazy\" alt=\"\" srcset=\"https:\/\/pomorskiehospicjum.pl\/wp-content\/uploads\/2021\/11\/aktualnosci.jpg 500w, https:\/\/pomorskiehospicjum.pl\/wp-content\/uploads\/2021\/11\/aktualnosci-300x200.jpg 300w\" sizes=\"(max-width: 500px) 100vw, 500px\" \/>\t\t\t\t\t\t\t\t\t\t\t\t\t\t\t<\/div>\n\t\t\t\t<\/div>\n\t\t\t\t\t<\/div>\n\t\t<\/div>\n\t\t\t\t\t\t\t<\/div>\n\t\t<\/section>\n\t\t\t\t\t<\/div>\n\t\t<\/div>\n\t\t\t\t\t\t\t<\/div>\n\t\t<\/section>\n\t\t\t\t\t\t\t<\/div>\n\t\t","protected":false},"excerpt":{"rendered":"<p>O komunikacji, cz\u0119\u015b\u0107 III &nbsp;W komunikacji dobrze jest wiedzie\u0107: jak m\u00f3wi\u0107, jak s\u0142ucha\u0107 i o czym m\u00f3wi\u0107&#8230;&nbsp;&nbsp;Jak s\u0142ucha\u0107, jak m\u00f3wi\u0107 &#8230; o tym by\u0142o ostatnio.&nbsp;Dzisiaj troch\u0119 o tym, o czym m\u00f3wi\u0107 &#8230; o jako\u015bci tego, co jest pomi\u0119dzy w komunikacji.&nbsp;A mianowicie o emocjach &#8230;&nbsp;&nbsp;W komunikacji bywa od nich g\u0119sto. Nie wa\u017cne w zasadzie, czy rozmawiamy [&hellip;]<\/p>\n","protected":false},"author":1,"featured_media":0,"parent":0,"menu_order":0,"comment_status":"closed","ping_status":"closed","template":"","meta":{"_ti_tpc_template_sync":false,"_ti_tpc_template_id":"","footnotes":""},"_links":{"self":[{"href":"https:\/\/pomorskiehospicjum.pl\/index.php?rest_route=\/wp\/v2\/pages\/2073"}],"collection":[{"href":"https:\/\/pomorskiehospicjum.pl\/index.php?rest_route=\/wp\/v2\/pages"}],"about":[{"href":"https:\/\/pomorskiehospicjum.pl\/index.php?rest_route=\/wp\/v2\/types\/page"}],"author":[{"embeddable":true,"href":"https:\/\/pomorskiehospicjum.pl\/index.php?rest_route=\/wp\/v2\/users\/1"}],"replies":[{"embeddable":true,"href":"https:\/\/pomorskiehospicjum.pl\/index.php?rest_route=%2Fwp%2Fv2%2Fcomments&post=2073"}],"version-history":[{"count":5,"href":"https:\/\/pomorskiehospicjum.pl\/index.php?rest_route=\/wp\/v2\/pages\/2073\/revisions"}],"predecessor-version":[{"id":2078,"href":"https:\/\/pomorskiehospicjum.pl\/index.php?rest_route=\/wp\/v2\/pages\/2073\/revisions\/2078"}],"wp:attachment":[{"href":"https:\/\/pomorskiehospicjum.pl\/index.php?rest_route=%2Fwp%2Fv2%2Fmedia&parent=2073"}],"curies":[{"name":"wp","href":"https:\/\/api.w.org\/{rel}","templated":true}]}}