{"id":138,"date":"2021-11-04T12:35:53","date_gmt":"2021-11-04T11:35:53","guid":{"rendered":"https:\/\/pomorskiehospicjum.pl\/?page_id=138"},"modified":"2024-10-25T12:18:12","modified_gmt":"2024-10-25T10:18:12","slug":"kontakt","status":"publish","type":"page","link":"https:\/\/pomorskiehospicjum.pl\/?page_id=138","title":{"rendered":"Kontakt"},"content":{"rendered":"\t\t<div data-elementor-type=\"wp-page\" data-elementor-id=\"138\" class=\"elementor elementor-138\">\n\t\t\t\t\t\t\t\t\t<section class=\"elementor-section elementor-top-section elementor-element elementor-element-605f08c elementor-section-boxed elementor-section-height-default elementor-section-height-default\" data-id=\"605f08c\" data-element_type=\"section\">\n\t\t\t\t\t\t<div class=\"elementor-container elementor-column-gap-default\">\n\t\t\t\t\t<div class=\"elementor-column elementor-col-100 elementor-top-column elementor-element elementor-element-b98473b\" data-id=\"b98473b\" data-element_type=\"column\">\n\t\t\t<div class=\"elementor-widget-wrap elementor-element-populated\">\n\t\t\t\t\t\t\t\t<div class=\"elementor-element elementor-element-f9dc6fd elementor-widget elementor-widget-text-editor\" data-id=\"f9dc6fd\" data-element_type=\"widget\" data-widget_type=\"text-editor.default\">\n\t\t\t\t<div class=\"elementor-widget-container\">\n\t\t\t<style>\/*! elementor - v3.6.6 - 08-06-2022 *\/\n.elementor-widget-text-editor.elementor-drop-cap-view-stacked .elementor-drop-cap{background-color:#818a91;color:#fff}.elementor-widget-text-editor.elementor-drop-cap-view-framed .elementor-drop-cap{color:#818a91;border:3px solid;background-color:transparent}.elementor-widget-text-editor:not(.elementor-drop-cap-view-default) .elementor-drop-cap{margin-top:8px}.elementor-widget-text-editor:not(.elementor-drop-cap-view-default) .elementor-drop-cap-letter{width:1em;height:1em}.elementor-widget-text-editor .elementor-drop-cap{float:left;text-align:center;line-height:1;font-size:50px}.elementor-widget-text-editor .elementor-drop-cap-letter{display:inline-block}<\/style>\t\t\t\t<p>Fundacja Pomorskie Hospicjum dla Dzieci<br \/>ul. Hynka 67<br \/>80-465 Gda\u0144sk<br \/>tel. 665 864 242 tel. 58 352 67 44<br \/>tel. 722 110 485<br \/>e-mail: kontakt@pomorskiehospicjum.pl<\/p><p>POMORSKIE HOSPICJUM DLA DZIECI<br \/>Dy\u017curny lekarz tel. 665 864 553<br \/>Dy\u017curna piel\u0119gniarka tel. 665 864 585<\/p>\t\t\t\t\t\t<\/div>\n\t\t\t\t<\/div>\n\t\t\t\t<section class=\"elementor-section elementor-inner-section elementor-element elementor-element-131821c elementor-section-boxed elementor-section-height-default elementor-section-height-default\" data-id=\"131821c\" data-element_type=\"section\">\n\t\t\t\t\t\t<div class=\"elementor-container elementor-column-gap-default\">\n\t\t\t\t\t<div class=\"elementor-column elementor-col-50 elementor-inner-column elementor-element elementor-element-3aa9a79\" data-id=\"3aa9a79\" data-element_type=\"column\">\n\t\t\t<div class=\"elementor-widget-wrap\">\n\t\t\t\t\t\t\t\t\t<\/div>\n\t\t<\/div>\n\t\t\t\t<div class=\"elementor-column elementor-col-50 elementor-inner-column elementor-element elementor-element-c62cccf\" data-id=\"c62cccf\" data-element_type=\"column\">\n\t\t\t<div class=\"elementor-widget-wrap elementor-element-populated\">\n\t\t\t\t\t\t\t\t<div class=\"elementor-element elementor-element-6b08196 elementor-widget elementor-widget-google_maps\" data-id=\"6b08196\" data-element_type=\"widget\" data-widget_type=\"google_maps.default\">\n\t\t\t\t<div class=\"elementor-widget-container\">\n\t\t\t<style>\/*! elementor - v3.6.6 - 08-06-2022 *\/\n.elementor-widget-google_maps .elementor-widget-container{overflow:hidden}.elementor-widget-google_maps iframe{height:300px}<\/style>\t\t<div class=\"elementor-custom-embed\">\n\t\t\t<iframe frameborder=\"0\" scrolling=\"no\" marginheight=\"0\" marginwidth=\"0\"\n\t\t\t\t\tsrc=\"https:\/\/maps.google.com\/maps?q=gda%C5%84sk%2C%20ul.hynka%2067&#038;t=m&#038;z=14&#038;output=embed&#038;iwloc=near\"\n\t\t\t\t\ttitle=\"gda\u0144sk, ul.hynka 67\"\n\t\t\t\t\taria-label=\"gda\u0144sk, ul.hynka 67\"\n\t\t\t><\/iframe>\n\t\t<\/div>\n\t\t\t\t<\/div>\n\t\t\t\t<\/div>\n\t\t\t\t\t<\/div>\n\t\t<\/div>\n\t\t\t\t\t\t\t<\/div>\n\t\t<\/section>\n\t\t\t\t\t<\/div>\n\t\t<\/div>\n\t\t\t\t\t\t\t<\/div>\n\t\t<\/section>\n\t\t\t\t<section class=\"elementor-section elementor-top-section elementor-element elementor-element-6d5efdd elementor-section-boxed elementor-section-height-default elementor-section-height-default\" data-id=\"6d5efdd\" data-element_type=\"section\">\n\t\t\t\t\t\t<div class=\"elementor-container elementor-column-gap-default\">\n\t\t\t\t\t<div class=\"elementor-column elementor-col-100 elementor-top-column elementor-element elementor-element-a3af094\" data-id=\"a3af094\" data-element_type=\"column\">\n\t\t\t<div class=\"elementor-widget-wrap elementor-element-populated\">\n\t\t\t\t\t\t\t\t<div class=\"elementor-element elementor-element-eb7ae36 elementor-widget elementor-widget-heading\" data-id=\"eb7ae36\" data-element_type=\"widget\" data-widget_type=\"heading.default\">\n\t\t\t\t<div class=\"elementor-widget-container\">\n\t\t\t<style>\/*! elementor - v3.6.6 - 08-06-2022 *\/\n.elementor-heading-title{padding:0;margin:0;line-height:1}.elementor-widget-heading .elementor-heading-title[class*=elementor-size-]>a{color:inherit;font-size:inherit;line-height:inherit}.elementor-widget-heading .elementor-heading-title.elementor-size-small{font-size:15px}.elementor-widget-heading .elementor-heading-title.elementor-size-medium{font-size:19px}.elementor-widget-heading .elementor-heading-title.elementor-size-large{font-size:29px}.elementor-widget-heading .elementor-heading-title.elementor-size-xl{font-size:39px}.elementor-widget-heading .elementor-heading-title.elementor-size-xxl{font-size:59px}<\/style><h1 class=\"elementor-heading-title elementor-size-default\">Wa\u017cne informacje<\/h1>\t\t<\/div>\n\t\t\t\t<\/div>\n\t\t\t\t\t<\/div>\n\t\t<\/div>\n\t\t\t\t\t\t\t<\/div>\n\t\t<\/section>\n\t\t\t\t<section class=\"elementor-section elementor-top-section elementor-element elementor-element-3a5cbaa elementor-section-boxed elementor-section-height-default elementor-section-height-default\" data-id=\"3a5cbaa\" data-element_type=\"section\">\n\t\t\t\t\t\t<div class=\"elementor-container elementor-column-gap-default\">\n\t\t\t\t\t<div class=\"elementor-column elementor-col-100 elementor-top-column elementor-element elementor-element-53c4f02\" data-id=\"53c4f02\" data-element_type=\"column\">\n\t\t\t<div class=\"elementor-widget-wrap elementor-element-populated\">\n\t\t\t\t\t\t\t\t<div class=\"elementor-element elementor-element-08656d7 elementor-widget elementor-widget-text-editor\" data-id=\"08656d7\" data-element_type=\"widget\" data-widget_type=\"text-editor.default\">\n\t\t\t\t<div class=\"elementor-widget-container\">\n\t\t\t\t\t\t\t<p><strong>Fundacja Pomorskie Hospicjum dla Dzieci posiada status Organizacji Po\u017cytku Publicznego<\/strong><br \/>KRS 0000296652<br \/>NIP 5833008838<br \/>REGON 220542392<br \/>Numer konta: 61 1050 1764 1000 0090 6025 9513<br \/>Przelewy zagraniczne: ING BANK \u015aL\u0104SKI (SWIFT: INGBPLPW) 61 1050 1764 1000 0090 6025 9513<br \/>Tytu\u0142 wp\u0142aty: darowizna na cele statutowe<\/p><p>\u00a0<\/p><p>\u00a0<\/p><p>\u00a0<\/p>\t\t\t\t\t\t<\/div>\n\t\t\t\t<\/div>\n\t\t\t\t\t<\/div>\n\t\t<\/div>\n\t\t\t\t\t\t\t<\/div>\n\t\t<\/section>\n\t\t\t\t\t\t\t<\/div>\n\t\t","protected":false},"excerpt":{"rendered":"<p>Fundacja Pomorskie Hospicjum dla Dzieciul. Hynka 6780-465 Gda\u0144sktel. 665 864 242 tel. 58 352 67 44tel. 722 110 485e-mail: kontakt@pomorskiehospicjum.pl POMORSKIE HOSPICJUM DLA DZIECIDy\u017curny lekarz tel. 665 864 553Dy\u017curna piel\u0119gniarka tel. 665 864 585 Wa\u017cne informacje Fundacja Pomorskie Hospicjum dla Dzieci posiada status Organizacji Po\u017cytku PublicznegoKRS 0000296652NIP 5833008838REGON 220542392Numer konta: 61 1050 1764 1000 0090 [&hellip;]<\/p>\n","protected":false},"author":1,"featured_media":0,"parent":0,"menu_order":0,"comment_status":"closed","ping_status":"closed","template":"","meta":{"_ti_tpc_template_sync":false,"_ti_tpc_template_id":"","footnotes":""},"_links":{"self":[{"href":"https:\/\/pomorskiehospicjum.pl\/index.php?rest_route=\/wp\/v2\/pages\/138"}],"collection":[{"href":"https:\/\/pomorskiehospicjum.pl\/index.php?rest_route=\/wp\/v2\/pages"}],"about":[{"href":"https:\/\/pomorskiehospicjum.pl\/index.php?rest_route=\/wp\/v2\/types\/page"}],"author":[{"embeddable":true,"href":"https:\/\/pomorskiehospicjum.pl\/index.php?rest_route=\/wp\/v2\/users\/1"}],"replies":[{"embeddable":true,"href":"https:\/\/pomorskiehospicjum.pl\/index.php?rest_route=%2Fwp%2Fv2%2Fcomments&post=138"}],"version-history":[{"count":239,"href":"https:\/\/pomorskiehospicjum.pl\/index.php?rest_route=\/wp\/v2\/pages\/138\/revisions"}],"predecessor-version":[{"id":22389,"href":"https:\/\/pomorskiehospicjum.pl\/index.php?rest_route=\/wp\/v2\/pages\/138\/revisions\/22389"}],"wp:attachment":[{"href":"https:\/\/pomorskiehospicjum.pl\/index.php?rest_route=%2Fwp%2Fv2%2Fmedia&parent=138"}],"curies":[{"name":"wp","href":"https:\/\/api.w.org\/{rel}","templated":true}]}}